{"id":1426,"date":"2021-10-19T12:05:58","date_gmt":"2021-10-19T12:05:58","guid":{"rendered":"https:\/\/www.houseandcoliving.com\/?page_id=1426"},"modified":"2022-06-16T11:41:23","modified_gmt":"2022-06-16T11:41:23","slug":"contact-2","status":"publish","type":"page","link":"https:\/\/www.houseandcoliving.com\/en\/contact-2\/","title":{"rendered":"Contact"},"content":{"rendered":"<div data-elementor-type=\"wp-page\" data-elementor-id=\"1426\" class=\"elementor elementor-1426\" data-elementor-settings=\"{&quot;ha_cmc_init_switcher&quot;:&quot;no&quot;}\" data-elementor-post-type=\"page\">\n\t\t\t\t\t\t<section class=\"elementor-section elementor-top-section elementor-element elementor-element-14b2637 elementor-section-boxed elementor-section-height-default elementor-section-height-default\" data-id=\"14b2637\" data-element_type=\"section\" data-e-type=\"section\" data-settings=\"{&quot;background_background&quot;:&quot;classic&quot;,&quot;_ha_eqh_enable&quot;:false}\">\n\t\t\t\t\t\t\t<div class=\"elementor-background-overlay\"><\/div>\n\t\t\t\t\t\t\t<div class=\"elementor-container elementor-column-gap-default\">\n\t\t\t\t\t<div class=\"elementor-column elementor-col-100 elementor-top-column elementor-element elementor-element-05d35f6\" data-id=\"05d35f6\" data-element_type=\"column\" data-e-type=\"column\">\n\t\t\t<div class=\"elementor-widget-wrap elementor-element-populated\">\n\t\t\t\t\t\t<div class=\"elementor-element elementor-element-de90d04 elementor-widget elementor-widget-heading\" data-id=\"de90d04\" data-element_type=\"widget\" data-e-type=\"widget\" data-widget_type=\"heading.default\">\n\t\t\t\t<div class=\"elementor-widget-container\">\n\t\t\t\t\t<h4 class=\"elementor-heading-title elementor-size-default\">Contact<\/h4>\t\t\t\t<\/div>\n\t\t\t\t<\/div>\n\t\t\t\t\t<\/div>\n\t\t<\/div>\n\t\t\t\t\t<\/div>\n\t\t<\/section>\n\t\t\t\t<section class=\"elementor-section elementor-top-section elementor-element elementor-element-76e99b0 elementor-section-boxed elementor-section-height-default elementor-section-height-default\" data-id=\"76e99b0\" data-element_type=\"section\" data-e-type=\"section\" data-settings=\"{&quot;_ha_eqh_enable&quot;:false}\">\n\t\t\t\t\t\t<div class=\"elementor-container elementor-column-gap-default\">\n\t\t\t\t\t<div class=\"elementor-column elementor-col-100 elementor-top-column elementor-element elementor-element-7961986\" data-id=\"7961986\" data-element_type=\"column\" data-e-type=\"column\">\n\t\t\t<div class=\"elementor-widget-wrap elementor-element-populated\">\n\t\t\t\t\t\t<div class=\"elementor-element elementor-element-91d8813 elementor-widget elementor-widget-spacer\" data-id=\"91d8813\" data-element_type=\"widget\" data-e-type=\"widget\" data-widget_type=\"spacer.default\">\n\t\t\t\t<div class=\"elementor-widget-container\">\n\t\t\t\t\t\t\t<div class=\"elementor-spacer\">\n\t\t\t<div class=\"elementor-spacer-inner\"><\/div>\n\t\t<\/div>\n\t\t\t\t\t\t<\/div>\n\t\t\t\t<\/div>\n\t\t\t\t\t<\/div>\n\t\t<\/div>\n\t\t\t\t\t<\/div>\n\t\t<\/section>\n\t\t\t\t<section class=\"elementor-section elementor-top-section elementor-element elementor-element-ac308be elementor-section-boxed elementor-section-height-default elementor-section-height-default\" data-id=\"ac308be\" data-element_type=\"section\" data-e-type=\"section\" data-settings=\"{&quot;_ha_eqh_enable&quot;:false}\">\n\t\t\t\t\t\t<div class=\"elementor-container elementor-column-gap-default\">\n\t\t\t\t\t<div class=\"elementor-column elementor-col-100 elementor-top-column elementor-element elementor-element-d73cd7c\" data-id=\"d73cd7c\" data-element_type=\"column\" data-e-type=\"column\">\n\t\t\t<div class=\"elementor-widget-wrap elementor-element-populated\">\n\t\t\t\t\t\t<div class=\"elementor-element elementor-element-45d3a1f elementor-widget elementor-widget-heading\" data-id=\"45d3a1f\" data-element_type=\"widget\" data-e-type=\"widget\" data-widget_type=\"heading.default\">\n\t\t\t\t<div class=\"elementor-widget-container\">\n\t\t\t\t\t<h2 class=\"elementor-heading-title elementor-size-default\">Contact us<\/h2>\t\t\t\t<\/div>\n\t\t\t\t<\/div>\n\t\t\t\t<div class=\"elementor-element elementor-element-d546477 elementor-widget elementor-widget-wp-widget-wpforms-widget\" data-id=\"d546477\" data-element_type=\"widget\" data-e-type=\"widget\" data-widget_type=\"wp-widget-wpforms-widget.default\">\n\t\t\t\t<div class=\"elementor-widget-container\">\n\t\t\t\t\t<div class=\"wpforms-container wpforms-container-full\" id=\"wpforms-1428\"><form id=\"wpforms-form-1428\" class=\"wpforms-validate wpforms-form wpforms-ajax-form\" data-formid=\"1428\" method=\"post\" enctype=\"multipart\/form-data\" action=\"\/en\/wp-json\/wp\/v2\/pages\/1426\" data-token=\"f26ea4ae2fe22a8ed23766199a7250d5\" data-token-time=\"1777046795\" data-trp-original-action=\"\/en\/wp-json\/wp\/v2\/pages\/1426\"><noscript class=\"wpforms-error-noscript\">Please enable JavaScript in your browser to complete this form.<\/noscript><div class=\"wpforms-field-container\"><div id=\"wpforms-1428-field_8-container\" class=\"wpforms-field wpforms-field-text wpforms-one-third wpforms-first\" data-field-id=\"8\"><label class=\"wpforms-field-label wpforms-label-hide\" for=\"wpforms-1428-field_8\">Name <span class=\"wpforms-required-label\">*<\/span><\/label><input type=\"text\" id=\"wpforms-1428-field_8\" class=\"wpforms-field-large wpforms-field-required\" name=\"wpforms[fields][8]\" placeholder=\"Name *\" required><\/div><div id=\"wpforms-1428-field_9-container\" class=\"wpforms-field wpforms-field-text wpforms-one-third\" data-field-id=\"9\"><label class=\"wpforms-field-label wpforms-label-hide\" for=\"wpforms-1428-field_9\">First name <span class=\"wpforms-required-label\">*<\/span><\/label><input type=\"text\" id=\"wpforms-1428-field_9\" class=\"wpforms-field-large wpforms-field-required\" name=\"wpforms[fields][9]\" placeholder=\"First name *\" required><\/div><div id=\"wpforms-1428-field_15-container\" class=\"wpforms-field wpforms-field-select wpforms-one-third wpforms-field-select-style-classic\" data-field-id=\"15\"><label class=\"wpforms-field-label wpforms-label-hide\" for=\"wpforms-1428-field_15\">Civility <span class=\"wpforms-required-label\">*<\/span><\/label><select id=\"wpforms-1428-field_15\" class=\"wpforms-field-large wpforms-field-required\" name=\"wpforms[fields][15]\" required=\"required\"><option value=\"\" class=\"placeholder\" disabled selected='selected'>Civility *<\/option><option value=\"Madame\"  class=\"choice-1 depth-1\"  >Madam<\/option><option value=\"Monsieur\"  class=\"choice-2 depth-1\"  >Sir<\/option><\/select><\/div><div id=\"wpforms-1428-field_2-container\" class=\"wpforms-field wpforms-field-email wpforms-one-half wpforms-first\" data-field-id=\"2\"><label class=\"wpforms-field-label wpforms-label-hide\" for=\"wpforms-1428-field_2\">E-mail <span class=\"wpforms-required-label\">*<\/span><\/label><input type=\"email\" id=\"wpforms-1428-field_2\" class=\"wpforms-field-large wpforms-field-required\" name=\"wpforms[fields][2]\" placeholder=\"Email *\" spellcheck=\"false\" required><\/div><div id=\"wpforms-1428-field_12-container\" class=\"wpforms-field wpforms-field-number wpforms-one-half\" data-field-id=\"12\"><label class=\"wpforms-field-label wpforms-label-hide\" for=\"wpforms-1428-field_12\">Phone<\/label><input type=\"number\" id=\"wpforms-1428-field_12\" class=\"wpforms-field-large\" name=\"wpforms[fields][12]\" placeholder=\"Phone\" step=\"any\" ><\/div><div id=\"wpforms-1428-field_13-container\" class=\"wpforms-field wpforms-field-text\" data-field-id=\"13\"><label class=\"wpforms-field-label wpforms-label-hide\" for=\"wpforms-1428-field_13\">Subject <span class=\"wpforms-required-label\">*<\/span><\/label><input type=\"text\" id=\"wpforms-1428-field_13\" class=\"wpforms-field-medium wpforms-field-required\" name=\"wpforms[fields][13]\" placeholder=\"Subject\" required><\/div><div id=\"wpforms-1428-field_11-container\" class=\"wpforms-field wpforms-field-textarea\" data-field-id=\"11\"><label class=\"wpforms-field-label wpforms-label-hide\" for=\"wpforms-1428-field_11\">Message <span class=\"wpforms-required-label\">*<\/span><\/label><textarea id=\"wpforms-1428-field_11\" class=\"wpforms-field-medium wpforms-field-required\" name=\"wpforms[fields][11]\" placeholder=\"Message *\" required><\/textarea><div class=\"wpforms-field-description\">J\u2019affirme avoir pris connaissance de la politique de protection des donn\u00e9es et accepte de recevoir des informations sur le suivi de ma demande.\n Je comprends que les donn\u00e9es personnelles que je fournis seront trait\u00e9es conform\u00e9ment \u00e0 la politique de confidentialit\u00e9. Voir plus d\u2019informations dans la page mentions l\u00e9gales, lien en bas de cette page.<\/div><\/div><div id=\"wpforms-1428-field_14-container\" class=\"wpforms-field wpforms-field-checkbox\" data-field-id=\"14\"><label class=\"wpforms-field-label wpforms-label-hide\">Privacy Policy <span class=\"wpforms-required-label\">*<\/span><\/label><ul id=\"wpforms-1428-field_14\" class=\"wpforms-field-required\"><li class=\"choice-1 depth-1\"><input type=\"checkbox\" id=\"wpforms-1428-field_14_1\" name=\"wpforms[fields][14][]\" value=\"J&#039;accepte *\" required><label class=\"wpforms-field-label-inline\" for=\"wpforms-1428-field_14_1\">I accept *<\/label><\/li><\/ul><\/div><\/div><!-- .wpforms-field-container --><div class=\"wpforms-recaptcha-container wpforms-is-recaptcha wpforms-is-recaptcha-type-invisible\" ><div class=\"g-recaptcha\" data-sitekey=\"6LfbNEkhAAAAANyCDcqqAorDz3nnNDx8oEmH9njP\" data-size=\"invisible\"><\/div><\/div><div class=\"wpforms-submit-container\" ><input type=\"hidden\" name=\"wpforms[id]\" value=\"1428\"><input type=\"hidden\" name=\"page_title\" value=\"\"><input type=\"hidden\" name=\"page_url\" value=\"https:\/\/www.houseandcoliving.com\/en\/wp-json\/wp\/v2\/pages\/1426\"><input type=\"hidden\" name=\"url_referer\" value=\"\"><button type=\"submit\" name=\"wpforms[submit]\" id=\"wpforms-submit-1428\" class=\"wpforms-submit\" data-alt-text=\"Envoi...\" data-submit-text=\"Envoyer\" aria-live=\"assertive\" value=\"wpforms-submit\">Send<\/button><img decoding=\"async\" src=\"https:\/\/www.houseandcoliving.com\/wp-content\/plugins\/wpforms-lite\/assets\/images\/submit-spin.svg\" class=\"wpforms-submit-spinner\" style=\"display: none;\" width=\"26\" height=\"26\" alt=\"Loading\"><\/div><input type=\"hidden\" name=\"trp-form-language\" value=\"en\"\/><\/form><\/div>  <!-- .wpforms-container -->\t\t\t\t<\/div>\n\t\t\t\t<\/div>\n\t\t\t\t\t<\/div>\n\t\t<\/div>\n\t\t\t\t\t<\/div>\n\t\t<\/section>\n\t\t\t\t<section class=\"elementor-section elementor-top-section elementor-element elementor-element-8feee90 elementor-section-boxed elementor-section-height-default elementor-section-height-default\" data-id=\"8feee90\" data-element_type=\"section\" data-e-type=\"section\" data-settings=\"{&quot;_ha_eqh_enable&quot;:false}\">\n\t\t\t\t\t\t<div class=\"elementor-container elementor-column-gap-default\">\n\t\t\t\t\t<div class=\"elementor-column elementor-col-100 elementor-top-column elementor-element elementor-element-ddf6713\" data-id=\"ddf6713\" data-element_type=\"column\" data-e-type=\"column\">\n\t\t\t<div class=\"elementor-widget-wrap elementor-element-populated\">\n\t\t\t\t\t\t<div class=\"elementor-element elementor-element-ed1bf3f elementor-widget elementor-widget-spacer\" data-id=\"ed1bf3f\" data-element_type=\"widget\" data-e-type=\"widget\" data-widget_type=\"spacer.default\">\n\t\t\t\t<div class=\"elementor-widget-container\">\n\t\t\t\t\t\t\t<div class=\"elementor-spacer\">\n\t\t\t<div class=\"elementor-spacer-inner\"><\/div>\n\t\t<\/div>\n\t\t\t\t\t\t<\/div>\n\t\t\t\t<\/div>\n\t\t\t\t\t<\/div>\n\t\t<\/div>\n\t\t\t\t\t<\/div>\n\t\t<\/section>\n\t\t\t\t<\/div>","protected":false},"excerpt":{"rendered":"<p>Contact Envoyez-nous un message<\/p>","protected":false},"author":2,"featured_media":0,"parent":0,"menu_order":0,"comment_status":"closed","ping_status":"closed","template":"","meta":{"_monsterinsights_skip_tracking":false,"_monsterinsights_sitenote_active":false,"_monsterinsights_sitenote_note":"","_monsterinsights_sitenote_category":0,"ocean_post_layout":"full-screen","ocean_both_sidebars_style":"","ocean_both_sidebars_content_width":0,"ocean_both_sidebars_sidebars_width":0,"ocean_sidebar":"0","ocean_second_sidebar":"0","ocean_disable_margins":"enable","ocean_add_body_class":"","ocean_shortcode_before_top_bar":"","ocean_shortcode_after_top_bar":"","ocean_shortcode_before_header":"","ocean_shortcode_after_header":"","ocean_has_shortcode":"","ocean_shortcode_after_title":"","ocean_shortcode_before_footer_widgets":"","ocean_shortcode_after_footer_widgets":"","ocean_shortcode_before_footer_bottom":"","ocean_shortcode_after_footer_bottom":"","ocean_display_top_bar":"default","ocean_display_header":"default","ocean_header_style":"","ocean_center_header_left_menu":"0","ocean_custom_header_template":"0","ocean_custom_logo":0,"ocean_custom_retina_logo":0,"ocean_custom_logo_max_width":0,"ocean_custom_logo_tablet_max_width":0,"ocean_custom_logo_mobile_max_width":0,"ocean_custom_logo_max_height":0,"ocean_custom_logo_tablet_max_height":0,"ocean_custom_logo_mobile_max_height":0,"ocean_header_custom_menu":"0","ocean_menu_typo_font_family":"0","ocean_menu_typo_font_subset":"","ocean_menu_typo_font_size":0,"ocean_menu_typo_font_size_tablet":0,"ocean_menu_typo_font_size_mobile":0,"ocean_menu_typo_font_size_unit":"px","ocean_menu_typo_font_weight":"","ocean_menu_typo_font_weight_tablet":"","ocean_menu_typo_font_weight_mobile":"","ocean_menu_typo_transform":"","ocean_menu_typo_transform_tablet":"","ocean_menu_typo_transform_mobile":"","ocean_menu_typo_line_height":0,"ocean_menu_typo_line_height_tablet":0,"ocean_menu_typo_line_height_mobile":0,"ocean_menu_typo_line_height_unit":"","ocean_menu_typo_spacing":0,"ocean_menu_typo_spacing_tablet":0,"ocean_menu_typo_spacing_mobile":0,"ocean_menu_typo_spacing_unit":"","ocean_menu_link_color":"","ocean_menu_link_color_hover":"","ocean_menu_link_color_active":"","ocean_menu_link_background":"","ocean_menu_link_hover_background":"","ocean_menu_link_active_background":"","ocean_menu_social_links_bg":"","ocean_menu_social_hover_links_bg":"","ocean_menu_social_links_color":"","ocean_menu_social_hover_links_color":"","ocean_disable_title":"on","ocean_disable_heading":"default","ocean_post_title":"","ocean_post_subheading":"","ocean_post_title_style":"","ocean_post_title_background_color":"","ocean_post_title_background":0,"ocean_post_title_bg_image_position":"","ocean_post_title_bg_image_attachment":"","ocean_post_title_bg_image_repeat":"","ocean_post_title_bg_image_size":"","ocean_post_title_height":0,"ocean_post_title_bg_overlay":0.5,"ocean_post_title_bg_overlay_color":"","ocean_disable_breadcrumbs":"default","ocean_breadcrumbs_color":"","ocean_breadcrumbs_separator_color":"","ocean_breadcrumbs_links_color":"","ocean_breadcrumbs_links_hover_color":"","ocean_display_footer_widgets":"default","ocean_display_footer_bottom":"default","ocean_custom_footer_template":"0","footnotes":""},"class_list":["post-1426","page","type-page","status-publish","hentry","entry"],"yoast_head":"<!-- This site is optimized with the Yoast SEO plugin v26.6 - https:\/\/yoast.com\/wordpress\/plugins\/seo\/ -->\n<title>Contact - House and Coliving<\/title>\n<meta name=\"description\" content=\"Contact   Envoyez-nous un message\" \/>\n<meta name=\"robots\" content=\"index, follow, max-snippet:-1, max-image-preview:large, max-video-preview:-1\" \/>\n<link rel=\"canonical\" href=\"https:\/\/www.houseandcoliving.com\/en\/contact-2\/\" \/>\n<meta property=\"og:locale\" content=\"en_US\" \/>\n<meta property=\"og:type\" content=\"article\" \/>\n<meta property=\"og:title\" content=\"Contact - House and Coliving\" \/>\n<meta property=\"og:description\" content=\"Contact   Envoyez-nous un message\" \/>\n<meta property=\"og:url\" content=\"https:\/\/www.houseandcoliving.com\/en\/contact-2\/\" \/>\n<meta property=\"og:site_name\" content=\"House and Coliving\" \/>\n<meta property=\"article:modified_time\" content=\"2022-06-16T11:41:23+00:00\" \/>\n<meta property=\"og:image\" content=\"https:\/\/www.houseandcoliving.com\/wp-content\/uploads\/2022\/01\/D-sam.jpg\" \/>\n\t<meta property=\"og:image:width\" content=\"2480\" \/>\n\t<meta property=\"og:image:height\" content=\"1653\" \/>\n\t<meta property=\"og:image:type\" content=\"image\/jpeg\" \/>\n<meta name=\"twitter:card\" content=\"summary_large_image\" \/>\n<script type=\"application\/ld+json\" class=\"yoast-schema-graph\">{\"@context\":\"https:\/\/schema.org\",\"@graph\":[{\"@type\":\"WebPage\",\"@id\":\"https:\/\/www.houseandcoliving.com\/contact-2\/\",\"url\":\"https:\/\/www.houseandcoliving.com\/contact-2\/\",\"name\":\"Contact - House and Coliving\",\"isPartOf\":{\"@id\":\"https:\/\/www.houseandcoliving.com\/#website\"},\"datePublished\":\"2021-10-19T12:05:58+00:00\",\"dateModified\":\"2022-06-16T11:41:23+00:00\",\"description\":\"Contact Envoyez-nous un message\",\"breadcrumb\":{\"@id\":\"https:\/\/www.houseandcoliving.com\/contact-2\/#breadcrumb\"},\"inLanguage\":\"en-US\",\"potentialAction\":[{\"@type\":\"ReadAction\",\"target\":[\"https:\/\/www.houseandcoliving.com\/contact-2\/\"]}]},{\"@type\":\"BreadcrumbList\",\"@id\":\"https:\/\/www.houseandcoliving.com\/contact-2\/#breadcrumb\",\"itemListElement\":[{\"@type\":\"ListItem\",\"position\":1,\"name\":\"Home\",\"item\":\"https:\/\/www.houseandcoliving.com\/\"},{\"@type\":\"ListItem\",\"position\":2,\"name\":\"Contact\"}]},{\"@type\":\"WebSite\",\"@id\":\"https:\/\/www.houseandcoliving.com\/#website\",\"url\":\"https:\/\/www.houseandcoliving.com\/\",\"name\":\"House and Coliving\",\"description\":\"Des appartements \u00e0 louer au c\u0153ur de Paris\",\"publisher\":{\"@id\":\"https:\/\/www.houseandcoliving.com\/#organization\"},\"potentialAction\":[{\"@type\":\"SearchAction\",\"target\":{\"@type\":\"EntryPoint\",\"urlTemplate\":\"https:\/\/www.houseandcoliving.com\/?s={search_term_string}\"},\"query-input\":{\"@type\":\"PropertyValueSpecification\",\"valueRequired\":true,\"valueName\":\"search_term_string\"}}],\"inLanguage\":\"en-US\"},{\"@type\":\"Organization\",\"@id\":\"https:\/\/www.houseandcoliving.com\/#organization\",\"name\":\"House and Co\",\"url\":\"https:\/\/www.houseandcoliving.com\/\",\"logo\":{\"@type\":\"ImageObject\",\"inLanguage\":\"en-US\",\"@id\":\"https:\/\/www.houseandcoliving.com\/#\/schema\/logo\/image\/\",\"url\":\"https:\/\/www.houseandcoliving.com\/wp-content\/uploads\/2022\/01\/Logo-transparent-e1644175098972.png\",\"contentUrl\":\"https:\/\/www.houseandcoliving.com\/wp-content\/uploads\/2022\/01\/Logo-transparent-e1644175098972.png\",\"width\":719,\"height\":244,\"caption\":\"House and Co\"},\"image\":{\"@id\":\"https:\/\/www.houseandcoliving.com\/#\/schema\/logo\/image\/\"}}]}<\/script>\n<!-- \/ Yoast SEO plugin. -->","yoast_head_json":{"title":"Contact - House and Coliving","description":"Contact   Envoyez-nous un message","robots":{"index":"index","follow":"follow","max-snippet":"max-snippet:-1","max-image-preview":"max-image-preview:large","max-video-preview":"max-video-preview:-1"},"canonical":"https:\/\/www.houseandcoliving.com\/en\/contact-2\/","og_locale":"en_US","og_type":"article","og_title":"Contact - House and Coliving","og_description":"Contact   Envoyez-nous un message","og_url":"https:\/\/www.houseandcoliving.com\/en\/contact-2\/","og_site_name":"House and Coliving","article_modified_time":"2022-06-16T11:41:23+00:00","og_image":[{"width":2480,"height":1653,"url":"https:\/\/www.houseandcoliving.com\/wp-content\/uploads\/2022\/01\/D-sam.jpg","type":"image\/jpeg"}],"twitter_card":"summary_large_image","schema":{"@context":"https:\/\/schema.org","@graph":[{"@type":"WebPage","@id":"https:\/\/www.houseandcoliving.com\/contact-2\/","url":"https:\/\/www.houseandcoliving.com\/contact-2\/","name":"Contact - House and Coliving","isPartOf":{"@id":"https:\/\/www.houseandcoliving.com\/#website"},"datePublished":"2021-10-19T12:05:58+00:00","dateModified":"2022-06-16T11:41:23+00:00","description":"Contact Envoyez-nous un message","breadcrumb":{"@id":"https:\/\/www.houseandcoliving.com\/contact-2\/#breadcrumb"},"inLanguage":"en-US","potentialAction":[{"@type":"ReadAction","target":["https:\/\/www.houseandcoliving.com\/contact-2\/"]}]},{"@type":"BreadcrumbList","@id":"https:\/\/www.houseandcoliving.com\/contact-2\/#breadcrumb","itemListElement":[{"@type":"ListItem","position":1,"name":"Home","item":"https:\/\/www.houseandcoliving.com\/"},{"@type":"ListItem","position":2,"name":"Contact"}]},{"@type":"WebSite","@id":"https:\/\/www.houseandcoliving.com\/#website","url":"https:\/\/www.houseandcoliving.com\/","name":"House and Coliving","description":"Des appartements \u00e0 louer au c\u0153ur de Paris","publisher":{"@id":"https:\/\/www.houseandcoliving.com\/#organization"},"potentialAction":[{"@type":"SearchAction","target":{"@type":"EntryPoint","urlTemplate":"https:\/\/www.houseandcoliving.com\/?s={search_term_string}"},"query-input":{"@type":"PropertyValueSpecification","valueRequired":true,"valueName":"search_term_string"}}],"inLanguage":"en-US"},{"@type":"Organization","@id":"https:\/\/www.houseandcoliving.com\/#organization","name":"House and Co","url":"https:\/\/www.houseandcoliving.com\/","logo":{"@type":"ImageObject","inLanguage":"en-US","@id":"https:\/\/www.houseandcoliving.com\/#\/schema\/logo\/image\/","url":"https:\/\/www.houseandcoliving.com\/wp-content\/uploads\/2022\/01\/Logo-transparent-e1644175098972.png","contentUrl":"https:\/\/www.houseandcoliving.com\/wp-content\/uploads\/2022\/01\/Logo-transparent-e1644175098972.png","width":719,"height":244,"caption":"House and Co"},"image":{"@id":"https:\/\/www.houseandcoliving.com\/#\/schema\/logo\/image\/"}}]}},"_links":{"self":[{"href":"https:\/\/www.houseandcoliving.com\/en\/wp-json\/wp\/v2\/pages\/1426","targetHints":{"allow":["GET"]}}],"collection":[{"href":"https:\/\/www.houseandcoliving.com\/en\/wp-json\/wp\/v2\/pages"}],"about":[{"href":"https:\/\/www.houseandcoliving.com\/en\/wp-json\/wp\/v2\/types\/page"}],"author":[{"embeddable":true,"href":"https:\/\/www.houseandcoliving.com\/en\/wp-json\/wp\/v2\/users\/2"}],"replies":[{"embeddable":true,"href":"https:\/\/www.houseandcoliving.com\/en\/wp-json\/wp\/v2\/comments?post=1426"}],"version-history":[{"count":38,"href":"https:\/\/www.houseandcoliving.com\/en\/wp-json\/wp\/v2\/pages\/1426\/revisions"}],"predecessor-version":[{"id":3284,"href":"https:\/\/www.houseandcoliving.com\/en\/wp-json\/wp\/v2\/pages\/1426\/revisions\/3284"}],"wp:attachment":[{"href":"https:\/\/www.houseandcoliving.com\/en\/wp-json\/wp\/v2\/media?parent=1426"}],"curies":[{"name":"wp","href":"https:\/\/api.w.org\/{rel}","templated":true}]}}